{"id":2024,"date":"2019-01-15T17:24:34","date_gmt":"2019-01-15T16:24:34","guid":{"rendered":"https:\/\/www.aisumahotel.com\/?page_id=2024"},"modified":"2024-04-05T09:58:19","modified_gmt":"2024-04-05T07:58:19","slug":"milanocityguide","status":"publish","type":"page","link":"https:\/\/milano.aisumahotel.com\/fr\/milanocityguide\/","title":{"rendered":"Milano City Guide"},"content":{"rendered":"\n<style type=\"text\/css\" data-created_by=\"avia_inline_auto\" id=\"style-css-av-1xom7c-39c54c3dfbb558b797958768145e2e5c\">\n#top .av-special-heading.av-1xom7c-39c54c3dfbb558b797958768145e2e5c{\npadding-bottom:10px;\n}\nbody .av-special-heading.av-1xom7c-39c54c3dfbb558b797958768145e2e5c .av-special-heading-tag .heading-char{\nfont-size:25px;\n}\n.av-special-heading.av-1xom7c-39c54c3dfbb558b797958768145e2e5c .av-subheading{\nfont-size:15px;\n}\n<\/style>\n<div  class='av-special-heading av-1xom7c-39c54c3dfbb558b797958768145e2e5c av-special-heading-h1 blockquote modern-quote modern-centered  avia-builder-el-0  el_before_av_one_fourth  avia-builder-el-first '><h1 class='av-special-heading-tag '  itemprop=\"headline\"  >Attractions de la R\u00e9gion<\/h1><div class=\"special-heading-border\"><div class=\"special-heading-inner-border\"><\/div><\/div><\/div>\n\n<style type=\"text\/css\" data-created_by=\"avia_inline_auto\" id=\"style-css-av-5r617s-d73d237bbc2f92b5078c25b619b4e387\">\n.flex_column.av-5r617s-d73d237bbc2f92b5078c25b619b4e387{\nborder-radius:0px 0px 0px 0px;\npadding:0px 0px 0px 0px;\n}\n<\/style>\n<div  class='flex_column av-5r617s-d73d237bbc2f92b5078c25b619b4e387 av_one_fourth  avia-builder-el-1  el_after_av_heading  el_before_av_one_half  first flex_column_div av-zero-column-padding  '     ><\/div>\n\n<style type=\"text\/css\" data-created_by=\"avia_inline_auto\" id=\"style-css-av-4f27jc-7a388ec7290adebd98382823ca6e6113\">\n.flex_column.av-4f27jc-7a388ec7290adebd98382823ca6e6113{\nborder-radius:0px 0px 0px 0px;\npadding:0px 0px 0px 0px;\n}\n<\/style>\n<div  class='flex_column av-4f27jc-7a388ec7290adebd98382823ca6e6113 av_one_half  avia-builder-el-2  el_after_av_one_fourth  el_before_av_one_fourth  flex_column_div av-zero-column-padding  '     ><section  class='av_textblock_section av-jqxygomv-5db16980436a13524a0ce7073e55055b '   itemscope=\"itemscope\" itemtype=\"https:\/\/schema.org\/CreativeWork\" ><div class='avia_textblock'  itemprop=\"text\" ><p style=\"text-align: center;\">Est-ce que vous avez r\u00e9serv\u00e9? Personnalisez votre s\u00e9jour en programmant vos prochaines activit\u00e9s.<\/p>\n<\/div><\/section><\/div>\n\n<style type=\"text\/css\" data-created_by=\"avia_inline_auto\" id=\"style-css-av-2okzbc-05b35994d5d46f07772cbe177f53d027\">\n.flex_column.av-2okzbc-05b35994d5d46f07772cbe177f53d027{\nborder-radius:0px 0px 0px 0px;\npadding:0px 0px 0px 0px;\n}\n<\/style>\n<div  class='flex_column av-2okzbc-05b35994d5d46f07772cbe177f53d027 av_one_fourth  avia-builder-el-4  el_after_av_one_half  el_before_av_codeblock  flex_column_div av-zero-column-padding  '     ><\/div>\n\n\n<style type=\"text\/css\" data-created_by=\"avia_inline_auto\" id=\"style-css-av-jqxz7y4y-05b4e305ab04245393960a84f514ed8e\">\n#top .hr.hr-invisible.av-jqxz7y4y-05b4e305ab04245393960a84f514ed8e{\nheight:100px;\n}\n<\/style>\n<div  class='hr av-jqxz7y4y-05b4e305ab04245393960a84f514ed8e hr-invisible  avia-builder-el-6  el_after_av_codeblock  avia-builder-el-last '><span class='hr-inner '><span class=\"hr-inner-style\"><\/span><\/span><\/div>\n","protected":false},"excerpt":{"rendered":"","protected":false},"author":1,"featured_media":0,"parent":0,"menu_order":0,"comment_status":"closed","ping_status":"closed","template":"","meta":{"footnotes":""},"class_list":["post-2024","page","type-page","status-publish","hentry"],"yoast_head":"<!-- This site is optimized with the Yoast SEO plugin v27.5 - https:\/\/yoast.com\/product\/yoast-seo-wordpress\/ -->\n<title>Milano City Guide - Ai Suma Hotel - Milano<\/title>\n<meta name=\"description\" content=\"Est-ce que vous avez r\u00e9serv\u00e9? Personnalisez votre s\u00e9jour en programmant vos prochaines activit\u00e9s.\" \/>\n<meta name=\"robots\" content=\"index, follow, max-snippet:-1, max-image-preview:large, max-video-preview:-1\" \/>\n<link rel=\"canonical\" href=\"https:\/\/milano.aisumahotel.com\/fr\/milanocityguide\/\" \/>\n<meta property=\"og:locale\" content=\"fr_FR\" \/>\n<meta property=\"og:type\" content=\"article\" \/>\n<meta property=\"og:title\" content=\"MILANO City Guide\" \/>\n<meta property=\"og:description\" content=\"Est-ce que vous avez r\u00e9serv\u00e9? Personnalisez votre s\u00e9jour en programmant vos prochaines activit\u00e9s.\" \/>\n<meta property=\"og:url\" content=\"https:\/\/milano.aisumahotel.com\/fr\/milanocityguide\/\" \/>\n<meta property=\"og:site_name\" content=\"Ai Suma Hotel - Milano\" \/>\n<meta property=\"article:modified_time\" content=\"2024-04-05T07:58:19+00:00\" \/>\n<meta property=\"og:image\" content=\"https:\/\/milano.aisumahotel.com\/wp-content\/uploads\/2019\/01\/gran_tour_milano.jpg\" \/>\n\t<meta property=\"og:image:width\" content=\"341\" \/>\n\t<meta property=\"og:image:height\" content=\"243\" \/>\n\t<meta property=\"og:image:type\" content=\"image\/jpeg\" \/>\n<meta name=\"twitter:card\" content=\"summary_large_image\" \/>\n<meta name=\"twitter:label1\" content=\"Dur\u00e9e de lecture estim\u00e9e\" \/>\n\t<meta name=\"twitter:data1\" content=\"1 minute\" \/>\n<script type=\"application\/ld+json\" class=\"yoast-schema-graph\">{\"@context\":\"https:\\\/\\\/schema.org\",\"@graph\":[{\"@type\":\"WebPage\",\"@id\":\"https:\\\/\\\/milano.aisumahotel.com\\\/fr\\\/milanocityguide\\\/\",\"url\":\"https:\\\/\\\/milano.aisumahotel.com\\\/fr\\\/milanocityguide\\\/\",\"name\":\"Milano City Guide - Ai Suma Hotel - Milano\",\"isPartOf\":{\"@id\":\"https:\\\/\\\/milano.aisumahotel.com\\\/fr\\\/#website\"},\"datePublished\":\"2019-01-15T16:24:34+00:00\",\"dateModified\":\"2024-04-05T07:58:19+00:00\",\"description\":\"Est-ce que vous avez r\u00e9serv\u00e9? Personnalisez votre s\u00e9jour en programmant vos prochaines activit\u00e9s.\",\"breadcrumb\":{\"@id\":\"https:\\\/\\\/milano.aisumahotel.com\\\/fr\\\/milanocityguide\\\/#breadcrumb\"},\"inLanguage\":\"fr-FR\",\"potentialAction\":[{\"@type\":\"ReadAction\",\"target\":[\"https:\\\/\\\/milano.aisumahotel.com\\\/fr\\\/milanocityguide\\\/\"]}]},{\"@type\":\"BreadcrumbList\",\"@id\":\"https:\\\/\\\/milano.aisumahotel.com\\\/fr\\\/milanocityguide\\\/#breadcrumb\",\"itemListElement\":[{\"@type\":\"ListItem\",\"position\":1,\"name\":\"Home\",\"item\":\"https:\\\/\\\/milano.aisumahotel.com\\\/fr\\\/\"},{\"@type\":\"ListItem\",\"position\":2,\"name\":\"Milano City Guide\"}]},{\"@type\":\"WebSite\",\"@id\":\"https:\\\/\\\/milano.aisumahotel.com\\\/fr\\\/#website\",\"url\":\"https:\\\/\\\/milano.aisumahotel.com\\\/fr\\\/\",\"name\":\"Ai Suma Hotel - Milano\",\"description\":\"\",\"potentialAction\":[{\"@type\":\"SearchAction\",\"target\":{\"@type\":\"EntryPoint\",\"urlTemplate\":\"https:\\\/\\\/milano.aisumahotel.com\\\/fr\\\/?s={search_term_string}\"},\"query-input\":{\"@type\":\"PropertyValueSpecification\",\"valueRequired\":true,\"valueName\":\"search_term_string\"}}],\"inLanguage\":\"fr-FR\"}]}<\/script>\n<!-- \/ Yoast SEO plugin. -->","yoast_head_json":{"title":"Milano City Guide - Ai Suma Hotel - Milano","description":"Est-ce que vous avez r\u00e9serv\u00e9? Personnalisez votre s\u00e9jour en programmant vos prochaines activit\u00e9s.","robots":{"index":"index","follow":"follow","max-snippet":"max-snippet:-1","max-image-preview":"max-image-preview:large","max-video-preview":"max-video-preview:-1"},"canonical":"https:\/\/milano.aisumahotel.com\/fr\/milanocityguide\/","og_locale":"fr_FR","og_type":"article","og_title":"MILANO City Guide","og_description":"Est-ce que vous avez r\u00e9serv\u00e9? Personnalisez votre s\u00e9jour en programmant vos prochaines activit\u00e9s.","og_url":"https:\/\/milano.aisumahotel.com\/fr\/milanocityguide\/","og_site_name":"Ai Suma Hotel - Milano","article_modified_time":"2024-04-05T07:58:19+00:00","og_image":[{"width":341,"height":243,"url":"https:\/\/milano.aisumahotel.com\/wp-content\/uploads\/2019\/01\/gran_tour_milano.jpg","type":"image\/jpeg"}],"twitter_card":"summary_large_image","twitter_misc":{"Dur\u00e9e de lecture estim\u00e9e":"1 minute"},"schema":{"@context":"https:\/\/schema.org","@graph":[{"@type":"WebPage","@id":"https:\/\/milano.aisumahotel.com\/fr\/milanocityguide\/","url":"https:\/\/milano.aisumahotel.com\/fr\/milanocityguide\/","name":"Milano City Guide - Ai Suma Hotel - Milano","isPartOf":{"@id":"https:\/\/milano.aisumahotel.com\/fr\/#website"},"datePublished":"2019-01-15T16:24:34+00:00","dateModified":"2024-04-05T07:58:19+00:00","description":"Est-ce que vous avez r\u00e9serv\u00e9? Personnalisez votre s\u00e9jour en programmant vos prochaines activit\u00e9s.","breadcrumb":{"@id":"https:\/\/milano.aisumahotel.com\/fr\/milanocityguide\/#breadcrumb"},"inLanguage":"fr-FR","potentialAction":[{"@type":"ReadAction","target":["https:\/\/milano.aisumahotel.com\/fr\/milanocityguide\/"]}]},{"@type":"BreadcrumbList","@id":"https:\/\/milano.aisumahotel.com\/fr\/milanocityguide\/#breadcrumb","itemListElement":[{"@type":"ListItem","position":1,"name":"Home","item":"https:\/\/milano.aisumahotel.com\/fr\/"},{"@type":"ListItem","position":2,"name":"Milano City Guide"}]},{"@type":"WebSite","@id":"https:\/\/milano.aisumahotel.com\/fr\/#website","url":"https:\/\/milano.aisumahotel.com\/fr\/","name":"Ai Suma Hotel - Milano","description":"","potentialAction":[{"@type":"SearchAction","target":{"@type":"EntryPoint","urlTemplate":"https:\/\/milano.aisumahotel.com\/fr\/?s={search_term_string}"},"query-input":{"@type":"PropertyValueSpecification","valueRequired":true,"valueName":"search_term_string"}}],"inLanguage":"fr-FR"}]}},"_links":{"self":[{"href":"https:\/\/milano.aisumahotel.com\/fr\/wp-json\/wp\/v2\/pages\/2024","targetHints":{"allow":["GET"]}}],"collection":[{"href":"https:\/\/milano.aisumahotel.com\/fr\/wp-json\/wp\/v2\/pages"}],"about":[{"href":"https:\/\/milano.aisumahotel.com\/fr\/wp-json\/wp\/v2\/types\/page"}],"author":[{"embeddable":true,"href":"https:\/\/milano.aisumahotel.com\/fr\/wp-json\/wp\/v2\/users\/1"}],"replies":[{"embeddable":true,"href":"https:\/\/milano.aisumahotel.com\/fr\/wp-json\/wp\/v2\/comments?post=2024"}],"version-history":[{"count":14,"href":"https:\/\/milano.aisumahotel.com\/fr\/wp-json\/wp\/v2\/pages\/2024\/revisions"}],"predecessor-version":[{"id":2743,"href":"https:\/\/milano.aisumahotel.com\/fr\/wp-json\/wp\/v2\/pages\/2024\/revisions\/2743"}],"wp:attachment":[{"href":"https:\/\/milano.aisumahotel.com\/fr\/wp-json\/wp\/v2\/media?parent=2024"}],"curies":[{"name":"wp","href":"https:\/\/api.w.org\/{rel}","templated":true}]}}