{"id":1897,"date":"2017-08-05T12:57:05","date_gmt":"2017-08-05T10:57:05","guid":{"rendered":"https:\/\/www.aisumahotel.com\/cookie-policy\/"},"modified":"2018-10-16T12:00:22","modified_gmt":"2018-10-16T10:00:22","slug":"cookie-policy","status":"publish","type":"page","link":"https:\/\/milano.aisumahotel.com\/fr\/cookie-policy\/","title":{"rendered":"Cookie Policy"},"content":{"rendered":"<h5><strong>C<\/strong><strong>ookie Policy &#8211; Informativa<\/strong><\/h5>\n<p>Adempiendo agli obblighi previsti dall&rsquo;Art. 10 della Direttiva n. 95\/46\/CE, dalla Direttiva 2002\/58\/CE, come aggiornata dalla Direttiva 2009\/136\/CE, dall\u2019articolo 13 del Decreto Legislativo 30 giugno 2003, numero 196, e dal provvedimento generale (doc. web n. 3118884) del Garante per la protezione dei dati personali, pubblicato sulla Gazzetta Ufficiale n. 126 del 3 giugno 2014, registro dei provvedimenti n. 229 dell&rsquo;8 maggio 2014 in materia di Cookie, si procede con l\u2019informativa su tali temi.<\/p>\n<p><iframe loading=\"lazy\" src=\"https:\/\/www.youtube-nocookie.com\/embed\/Mut-YXSExnw?rel=0\" width=\"560\" height=\"315\" frameborder=\"0\" allowfullscreen=\"allowfullscreen\"><\/iframe><\/p>\n<h5><strong>Cosa sono i Cookie?<\/strong><\/h5>\n<p>I cookie sono dei testi di piccole dimensioni che vengono istallati sul tuo computer o smartphone e tablet quando navighi sul web. I siti visitati inviano i cookie al browser utilizzato (ad esempio Internet Explorer, Mozilla Firefox, Google Chrome, Safari, Opera) che li memorizza e li ripropone agli stessi siti nel momento in cui li ri-visiterai. I cookie possono essere trasmessi al proprio browser anche da siti o da web server diversi, cio\u00e8 da terze parti, ci\u00f2 significa che mentre navighi uno specifico sito web possono essere presenti degli elementi provenienti da altri siti che hanno tali cookie come ad esempio immagini, suoni, mappe, link ad altre pagine.<\/p>\n<p>A seconda della tipologia di cookie e quindi dello scopo con il quale viene utilizzato, vengono memorizzati alcuni dati dell\u2019utente, ad esempio per rendere pi\u00f9 efficace l\u2019utilizzo di un sito, per abilitare specifiche funzionalit\u00e0, per monitorare le sessioni di visita.<\/p>\n<p>In particolar modo i cookie permettono di memorizzare le preferenze inserite, evitare di inserire pi\u00f9 volte le stesse informazioni durante la navigazioni (come username e password), analizzare l\u2019utilizzo dei servizi e dei contenuti forniti da un sito per ottimizzare l\u2019esperienza di navigazione e i servizi offerti.<\/p>\n<h5><strong>Tipologie di Cookie\u00a0<\/strong><\/h5>\n<p>I cookie vengono suddivisi in due macro-categorie:<\/p>\n<ul>\n<li><strong>Cookie Tecnici<\/strong>, normalmente installati dal titolare o dal gestore del sito web, hanno lo scopo di \u201ceffettuare la trasmissione di una comunicazione su una rete di comunicazione elettronica, o nella misura strettamente necessaria al fornitore di un servizio della societ\u00e0 dell\u2019informazione esplicitamente richiesto dall\u2019abbonato o dall\u2019utente a erogare tale servizio\u201d (cfr. art. 122, comma 1, del Codice Privacy).<\/li>\n<\/ul>\n<p>Per l\u2019installazione dei Cookie Tecnici non \u00e8 richiesto il preventivo consenso degli utenti.<\/p>\n<p>I cookie tecnici si suddividono ulteriormente in:<\/p>\n<ul>\n<li><strong>Cookie di navigazione o di sessione<\/strong>, che garantiscono la normale navigazione e fruizione del sito web, permettendo, ad esempio, di realizzare un acquisto o di autenticarsi per accedere ad aree riservate. Tali cookie non vengono memorizzati in modo persistente sul dispositivo utilizzato dall&rsquo;utente e si disattivano automaticamente alla chiusura del browser. Il loro utilizzo \u00e8 legato alla trasmissione di dati identificativi necessari per consentire una navigazione sicura ed efficiente sulle pagine. I cookie di sessione non permettono in alcun modo l&rsquo;acquisizione di dati personali identificativi dell&rsquo;utente.<\/li>\n<li><strong>Cookie analytics<\/strong>, utilizzati per raccogliere informazioni sull&rsquo;utilizzo del sito, in forma anonima e per ottenere sia un&rsquo;analisi statistica delle pagine visualizzate sia dei comportamenti tenuti dagli utenti. Questa analisi anonima fornisce informazioni e suggerimenti per migliorare la qualit\u00e0 del sito e per rendere facilmente accessibili i contenuti che si dimostrano pi\u00f9 ricercati e interessanti agli occhi degli utenti. I cookie analytics possono essere inviati sia dal sito, sia da domini di terze parti e non permettono in alcun modo l&rsquo;acquisizione di dati personali identificativi dell&rsquo;utente. I cookie analytics, se installati da terze parti (es. Google analytics), anche se raccolgono i dati in forma anonima, sono assimilati ai cookie di profilazione, come indicato dal Garante per la protezione dei dati personali.<\/li>\n<li><strong>Cookie di funzionalit\u00e0<\/strong>: assimilati ai cookie tecnici laddove utilizzati direttamente dal gestore del sito per raccogliere informazioni, in forma aggregata, sul numero degli utenti e su come questi visitano il sito stesso. Tali cookie permettono all\u2019utente la navigazione in funzione di una serie di criteri selezionati (ad esempio, la lingua, i prodotti selezionati per l\u2019acquisto) al fine di migliorare il servizio reso allo stesso.<\/li>\n<\/ul>\n<p>&nbsp;<\/p>\n<ul>\n<li><strong>Cookie di Profilazione<\/strong>, hanno lo scopo di creare i profili dell\u2019utente e vengono utilizzati per inviare messaggi pubblicitari in linea con le preferenze manifestate dallo stesso nell\u2019ambito della navigazione in rete. Tali cookie sono particolarmente invasivi nella sfera privata dell\u2019utente, per tale motivo la normativa europea ed italiana prevede che l\u2019utente debba essere adeguatamente informato sull\u2019uso degli stessi, potendo esprimere cos\u00ec il proprio consenso. Ad essi si riferisce l\u2019art. 122 del Codice Privacy laddove prevede che \u201cl\u2019archiviazione delle informazioni nell\u2019apparecchio terminale di un contraente o di un utente o l\u2019accesso a informazioni gi\u00e0 archiviate sono consentiti unicamente a condizione che il contraente o l\u2019utente abbia espresso il proprio consenso dopo essere stato informato con le modalit\u00e0 semplificate di cui all\u2019articolo 13 Codice Privacy, comma 3\u2033\u00a0.<\/li>\n<li><strong>Cookie di rilevamento di terze parti\u00a0<\/strong>I cookie di questo tipo vengono utilizzati per raccogliere informazioni sull&rsquo;utilizzo del sito Web da parte dei visitatori, le parole chiave usate per raggiungere il sito, i siti Web visitati e le origini del traffico da cui provengono i visitatori per le campagne di marketing. Il titolare pu\u00f2 utilizzare tali informazioni per compilare rapporti e migliorare il Sito. I cookie raccolgono informazioni in forma anonima. I cookie di questo tipo vengono inviati dal Sito stesso o da domini di terze parti.<\/li>\n<li><strong>Cookie per l&rsquo;integrazione di funzionalit\u00e0 di terze parti\u00a0<\/strong>I cookie di questo tipo vengono utilizzati per integrare funzionalit\u00e0 di terze parti nel Sito (ad esempio, moduli per i commenti o icone di social network che consentono ai visitatori di condividere il contenuto del sito). I cookie di questa categoria possono essere inviati dai domini dei siti partner o che comunque offrono le funzionalit\u00e0 presenti nel sito. Il Titolare non \u00e8 tenuto a richiedere il consenso dell&rsquo;utente per i cookie tecnici, poich\u00e9 questi sono strettamente necessari per la fornitura del servizio. Per le altre tipologie di cookie il consenso pu\u00f2 essere espresso dall&rsquo;Utente, conformemente alla normativa vigente, mediante specifiche configurazioni del browser e di programmi informatici o di dispositivi che siano di facile e chiara utilizzabilit\u00e0 per l&rsquo;Utente. Il Titolare ricorda all&rsquo;Utente che \u00e8 possibile modificare le preferenze relative ai cookie in qualsiasi momento. \u00c8 anche possibile disabilitare in qualsiasi momento i cookie dal browser , ma questa operazione potrebbe impedire all&rsquo;Utente di utilizzare alcune parti del Sito.<\/li>\n<\/ul>\n<h5>Abilitazione\/disabilitazione di cookie tramite il browser<\/h5>\n<p>Esistono diversi modi per gestire i cookie e altre tecnologie di tracciabilit\u00e0. Modificando le impostazioni del browser, puoi accettare o rifiutare i cookie o decidere di ricevere un messaggio di avviso prima di accettare un cookie dai siti Web visitati. Ti ricordiamo che disabilitando completamente i cookie nel browser potresti non essere in grado di utilizzare tutte le nostre funzionalit\u00e0 interattive.<\/p>\n<p>Se utilizzi pi\u00f9 computer in postazioni diverse, assicurati che ogni browser sia impostato in modo da soddisfare le tue preferenze.<\/p>\n<p>Puoi eliminare tutti i cookie installati nella cartella dei cookie del tuo browser. Ciascun browser presenta procedure diverse per la gestione delle impostazioni. Fai clic su uno dei collegamenti sottostanti per ottenere istruzioni specifiche.<\/p>\n<p><strong><a href=\"http:\/\/windows.microsoft.com\/it-it\/windows7\/block-enable-or-allow-cookies\" target=\"_blank\" rel=\"noopener\">Microsoft Windows Explorer<\/a><\/strong><br \/>\n<strong><a href=\"https:\/\/support.google.com\/chrome\/bin\/answer.py?hl=it&amp;answer=95647&amp;p=cpn_cookies\" target=\"_blank\" rel=\"noopener\">Google Chrome<\/a><\/strong><br \/>\n<strong><a href=\"http:\/\/support.mozilla.org\/it-IT\/kb\/Enabling%20and%20disabling%20cookies\" target=\"_blank\" rel=\"noopener\">Mozilla Firefox<\/a><\/strong><br \/>\n<strong><a href=\"http:\/\/support.apple.com\/kb\/PH17191?viewlocale=it_IT&amp;locale=it_IT\" target=\"_blank\" rel=\"noopener\">Apple Safari<\/a><\/strong><\/p>\n<p>&nbsp;<\/p>\n<p>&nbsp;<\/p>\n","protected":false},"excerpt":{"rendered":"<p>Cookie Policy &#8211; Informativa Adempiendo agli obblighi previsti dall&rsquo;Art. 10 della Direttiva n. 95\/46\/CE, dalla Direttiva 2002\/58\/CE, come aggiornata dalla Direttiva 2009\/136\/CE, dall\u2019articolo 13 del Decreto Legislativo 30 giugno 2003, numero 196, e dal provvedimento generale (doc. web n. 3118884) del Garante per la protezione dei dati personali, pubblicato sulla Gazzetta Ufficiale n. 126 del [&hellip;]<\/p>\n","protected":false},"author":1,"featured_media":0,"parent":0,"menu_order":0,"comment_status":"closed","ping_status":"closed","template":"","meta":{"footnotes":""},"class_list":["post-1897","page","type-page","status-publish","hentry"],"yoast_head":"<!-- This site is optimized with the Yoast SEO plugin v27.3 - https:\/\/yoast.com\/product\/yoast-seo-wordpress\/ -->\n<title>Cookie Policy - Ai Suma Hotel - Milano<\/title>\n<meta name=\"robots\" content=\"index, follow, max-snippet:-1, max-image-preview:large, max-video-preview:-1\" \/>\n<link rel=\"canonical\" href=\"https:\/\/milano.aisumahotel.com\/fr\/cookie-policy\/\" \/>\n<meta property=\"og:locale\" content=\"fr_FR\" \/>\n<meta property=\"og:type\" content=\"article\" \/>\n<meta property=\"og:title\" content=\"Cookie Policy - Ai Suma Hotel - Milano\" \/>\n<meta property=\"og:description\" content=\"Cookie Policy &#8211; Informativa Adempiendo agli obblighi previsti dall&rsquo;Art. 10 della Direttiva n. 95\/46\/CE, dalla Direttiva 2002\/58\/CE, come aggiornata dalla Direttiva 2009\/136\/CE, dall\u2019articolo 13 del Decreto Legislativo 30 giugno 2003, numero 196, e dal provvedimento generale (doc. web n. 3118884) del Garante per la protezione dei dati personali, pubblicato sulla Gazzetta Ufficiale n. 126 del [&hellip;]\" \/>\n<meta property=\"og:url\" content=\"https:\/\/milano.aisumahotel.com\/fr\/cookie-policy\/\" \/>\n<meta property=\"og:site_name\" content=\"Ai Suma Hotel - Milano\" \/>\n<meta property=\"article:modified_time\" content=\"2018-10-16T10:00:22+00:00\" \/>\n<meta name=\"twitter:card\" content=\"summary_large_image\" \/>\n<meta name=\"twitter:label1\" content=\"Dur\u00e9e de lecture estim\u00e9e\" \/>\n\t<meta name=\"twitter:data1\" content=\"6 minutes\" \/>\n<script type=\"application\/ld+json\" class=\"yoast-schema-graph\">{\"@context\":\"https:\\\/\\\/schema.org\",\"@graph\":[{\"@type\":\"WebPage\",\"@id\":\"https:\\\/\\\/milano.aisumahotel.com\\\/fr\\\/cookie-policy\\\/\",\"url\":\"https:\\\/\\\/milano.aisumahotel.com\\\/fr\\\/cookie-policy\\\/\",\"name\":\"Cookie Policy - Ai Suma Hotel - Milano\",\"isPartOf\":{\"@id\":\"https:\\\/\\\/milano.aisumahotel.com\\\/fr\\\/#website\"},\"datePublished\":\"2017-08-05T10:57:05+00:00\",\"dateModified\":\"2018-10-16T10:00:22+00:00\",\"breadcrumb\":{\"@id\":\"https:\\\/\\\/milano.aisumahotel.com\\\/fr\\\/cookie-policy\\\/#breadcrumb\"},\"inLanguage\":\"fr-FR\",\"potentialAction\":[{\"@type\":\"ReadAction\",\"target\":[\"https:\\\/\\\/milano.aisumahotel.com\\\/fr\\\/cookie-policy\\\/\"]}]},{\"@type\":\"BreadcrumbList\",\"@id\":\"https:\\\/\\\/milano.aisumahotel.com\\\/fr\\\/cookie-policy\\\/#breadcrumb\",\"itemListElement\":[{\"@type\":\"ListItem\",\"position\":1,\"name\":\"Home\",\"item\":\"https:\\\/\\\/milano.aisumahotel.com\\\/fr\\\/\"},{\"@type\":\"ListItem\",\"position\":2,\"name\":\"Cookie Policy\"}]},{\"@type\":\"WebSite\",\"@id\":\"https:\\\/\\\/milano.aisumahotel.com\\\/fr\\\/#website\",\"url\":\"https:\\\/\\\/milano.aisumahotel.com\\\/fr\\\/\",\"name\":\"Ai Suma Hotel - Milano\",\"description\":\"\",\"potentialAction\":[{\"@type\":\"SearchAction\",\"target\":{\"@type\":\"EntryPoint\",\"urlTemplate\":\"https:\\\/\\\/milano.aisumahotel.com\\\/fr\\\/?s={search_term_string}\"},\"query-input\":{\"@type\":\"PropertyValueSpecification\",\"valueRequired\":true,\"valueName\":\"search_term_string\"}}],\"inLanguage\":\"fr-FR\"}]}<\/script>\n<!-- \/ Yoast SEO plugin. -->","yoast_head_json":{"title":"Cookie Policy - Ai Suma Hotel - Milano","robots":{"index":"index","follow":"follow","max-snippet":"max-snippet:-1","max-image-preview":"max-image-preview:large","max-video-preview":"max-video-preview:-1"},"canonical":"https:\/\/milano.aisumahotel.com\/fr\/cookie-policy\/","og_locale":"fr_FR","og_type":"article","og_title":"Cookie Policy - Ai Suma Hotel - Milano","og_description":"Cookie Policy &#8211; Informativa Adempiendo agli obblighi previsti dall&rsquo;Art. 10 della Direttiva n. 95\/46\/CE, dalla Direttiva 2002\/58\/CE, come aggiornata dalla Direttiva 2009\/136\/CE, dall\u2019articolo 13 del Decreto Legislativo 30 giugno 2003, numero 196, e dal provvedimento generale (doc. web n. 3118884) del Garante per la protezione dei dati personali, pubblicato sulla Gazzetta Ufficiale n. 126 del [&hellip;]","og_url":"https:\/\/milano.aisumahotel.com\/fr\/cookie-policy\/","og_site_name":"Ai Suma Hotel - Milano","article_modified_time":"2018-10-16T10:00:22+00:00","twitter_card":"summary_large_image","twitter_misc":{"Dur\u00e9e de lecture estim\u00e9e":"6 minutes"},"schema":{"@context":"https:\/\/schema.org","@graph":[{"@type":"WebPage","@id":"https:\/\/milano.aisumahotel.com\/fr\/cookie-policy\/","url":"https:\/\/milano.aisumahotel.com\/fr\/cookie-policy\/","name":"Cookie Policy - Ai Suma Hotel - Milano","isPartOf":{"@id":"https:\/\/milano.aisumahotel.com\/fr\/#website"},"datePublished":"2017-08-05T10:57:05+00:00","dateModified":"2018-10-16T10:00:22+00:00","breadcrumb":{"@id":"https:\/\/milano.aisumahotel.com\/fr\/cookie-policy\/#breadcrumb"},"inLanguage":"fr-FR","potentialAction":[{"@type":"ReadAction","target":["https:\/\/milano.aisumahotel.com\/fr\/cookie-policy\/"]}]},{"@type":"BreadcrumbList","@id":"https:\/\/milano.aisumahotel.com\/fr\/cookie-policy\/#breadcrumb","itemListElement":[{"@type":"ListItem","position":1,"name":"Home","item":"https:\/\/milano.aisumahotel.com\/fr\/"},{"@type":"ListItem","position":2,"name":"Cookie Policy"}]},{"@type":"WebSite","@id":"https:\/\/milano.aisumahotel.com\/fr\/#website","url":"https:\/\/milano.aisumahotel.com\/fr\/","name":"Ai Suma Hotel - Milano","description":"","potentialAction":[{"@type":"SearchAction","target":{"@type":"EntryPoint","urlTemplate":"https:\/\/milano.aisumahotel.com\/fr\/?s={search_term_string}"},"query-input":{"@type":"PropertyValueSpecification","valueRequired":true,"valueName":"search_term_string"}}],"inLanguage":"fr-FR"}]}},"_links":{"self":[{"href":"https:\/\/milano.aisumahotel.com\/fr\/wp-json\/wp\/v2\/pages\/1897","targetHints":{"allow":["GET"]}}],"collection":[{"href":"https:\/\/milano.aisumahotel.com\/fr\/wp-json\/wp\/v2\/pages"}],"about":[{"href":"https:\/\/milano.aisumahotel.com\/fr\/wp-json\/wp\/v2\/types\/page"}],"author":[{"embeddable":true,"href":"https:\/\/milano.aisumahotel.com\/fr\/wp-json\/wp\/v2\/users\/1"}],"replies":[{"embeddable":true,"href":"https:\/\/milano.aisumahotel.com\/fr\/wp-json\/wp\/v2\/comments?post=1897"}],"version-history":[{"count":1,"href":"https:\/\/milano.aisumahotel.com\/fr\/wp-json\/wp\/v2\/pages\/1897\/revisions"}],"predecessor-version":[{"id":1901,"href":"https:\/\/milano.aisumahotel.com\/fr\/wp-json\/wp\/v2\/pages\/1897\/revisions\/1901"}],"wp:attachment":[{"href":"https:\/\/milano.aisumahotel.com\/fr\/wp-json\/wp\/v2\/media?parent=1897"}],"curies":[{"name":"wp","href":"https:\/\/api.w.org\/{rel}","templated":true}]}}