{"id":1605,"date":"2015-07-16T09:12:44","date_gmt":"2015-07-16T07:12:44","guid":{"rendered":"https:\/\/www.aisumahotel.com\/?page_id=1605"},"modified":"2017-12-18T09:41:10","modified_gmt":"2017-12-18T08:41:10","slug":"hotel","status":"publish","type":"page","link":"https:\/\/milano.aisumahotel.com\/fr\/hotel\/","title":{"rendered":"H\u00f4tel"},"content":{"rendered":"\n<style type=\"text\/css\" data-created_by=\"avia_inline_auto\" id=\"style-css-av-av_section-1d3785741d7665a3dc549c065f290b2e\">\n.avia-section.av-av_section-1d3785741d7665a3dc549c065f290b2e .av-parallax .av-parallax-inner{\nbackground-repeat:no-repeat;\nbackground-image:url(https:\/\/milano.aisumahotel.com\/wp-content\/uploads\/2017\/08\/chisiamo.jpg);\nbackground-position:50% 100%;\nbackground-attachment:scroll;\n}\n<\/style>\n<div id='av_section_1'  class='avia-section av-av_section-1d3785741d7665a3dc549c065f290b2e main_color avia-section-default avia-no-shadow  avia-builder-el-0  el_before_av_section  avia-builder-el-first  avia-full-stretch av-parallax-section avia-bg-style-parallax av-minimum-height av-minimum-height-custom av-height-custom  container_wrap fullsize'  data-section-bg-repeat='stretch' data-av_minimum_height_px='250'><div class='av-parallax' data-avia-parallax-ratio='0.3' ><div class='av-parallax-inner main_color avia-full-stretch'><\/div><\/div><div class='container av-section-cont-open' style='height:250px'><main  role=\"main\" itemprop=\"mainContentOfPage\"  class='template-page content  av-content-full alpha units'><div class='post-entry post-entry-type-page post-entry-1605'><div class='entry-content-wrapper clearfix'>\n<\/div><\/div><\/main><!-- close content main element --><\/div><\/div>\n<style type=\"text\/css\" data-created_by=\"avia_inline_auto\" id=\"style-css-av-av_section-13149e26a802f479e805906e750c1fd2\">\n.avia-section.av-av_section-13149e26a802f479e805906e750c1fd2{\nbackground-repeat:no-repeat;\nbackground-image:url(https:\/\/milano.aisumahotel.com\/wp-content\/uploads\/2015\/07\/ornament-bg-top-small-1.png);\nbackground-position:50% 0%;\nbackground-attachment:scroll;\n}\n<\/style>\n<div id='av_section_2'  class='avia-section av-av_section-13149e26a802f479e805906e750c1fd2 main_color avia-section-huge avia-no-border-styling  avia-builder-el-1  el_after_av_section  el_before_av_slideshow_full  avia-full-contain avia-bg-style-scroll container_wrap fullsize'  data-section-bg-repeat='contain'><div class='container av-section-cont-open' ><div class='template-page content  av-content-full alpha units'><div class='post-entry post-entry-type-page post-entry-1605'><div class='entry-content-wrapper clearfix'>\n\n<style type=\"text\/css\" data-created_by=\"avia_inline_auto\" id=\"style-css-av-av_one_full-89af03f15cbb825a8bac39de208cf7b7\">\n#top .flex_column.av-av_one_full-89af03f15cbb825a8bac39de208cf7b7{\nmargin-top:-200px;\nmargin-bottom:0px;\n}\n.flex_column.av-av_one_full-89af03f15cbb825a8bac39de208cf7b7{\nborder-radius:0px 0px 0px 0px;\npadding:30px 30px 30px 30px;\nbackground-color:#ffffff;\n}\n.responsive #top #wrap_all .flex_column.av-av_one_full-89af03f15cbb825a8bac39de208cf7b7{\nmargin-top:-200px;\nmargin-bottom:0px;\n}\n<\/style>\n<div  class='flex_column av-av_one_full-89af03f15cbb825a8bac39de208cf7b7 av_one_full  avia-builder-el-2  el_before_av_hr  avia-builder-el-first  first flex_column_div  '     ><style type=\"text\/css\" data-created_by=\"avia_inline_auto\" id=\"style-css-av-av_heading-9e7d5859416c6f0fbb29d879a90c652f\">\n#top .av-special-heading.av-av_heading-9e7d5859416c6f0fbb29d879a90c652f{\npadding-bottom:20px;\nfont-size:40px;\n}\nbody .av-special-heading.av-av_heading-9e7d5859416c6f0fbb29d879a90c652f .av-special-heading-tag .heading-char{\nfont-size:25px;\n}\n#top #wrap_all .av-special-heading.av-av_heading-9e7d5859416c6f0fbb29d879a90c652f .av-special-heading-tag{\nfont-size:40px;\n}\n.av-special-heading.av-av_heading-9e7d5859416c6f0fbb29d879a90c652f .av-subheading{\nfont-size:15px;\n}\n\n@media only screen and (min-width: 480px) and (max-width: 767px){ \n#top #wrap_all .av-special-heading.av-av_heading-9e7d5859416c6f0fbb29d879a90c652f .av-special-heading-tag{\nfont-size:0.8em;\n}\n}\n\n@media only screen and (max-width: 479px){ \n#top #wrap_all .av-special-heading.av-av_heading-9e7d5859416c6f0fbb29d879a90c652f .av-special-heading-tag{\nfont-size:0.8em;\n}\n}\n<\/style>\n<div  class='av-special-heading av-av_heading-9e7d5859416c6f0fbb29d879a90c652f av-special-heading-h1 blockquote modern-quote modern-centered  avia-builder-el-3  avia-builder-el-no-sibling  av-inherit-size'><h1 class='av-special-heading-tag '  itemprop=\"headline\"  >Porquoi<br \/>\nAI SUMA?<\/h1><div class=\"special-heading-border\"><div class=\"special-heading-inner-border\"><\/div><\/div><\/div><\/div>\n<style type=\"text\/css\" data-created_by=\"avia_inline_auto\" id=\"style-css-av-av_hr-a3ddb10220631e451a4d4e74f3562123\">\n#top .hr.av-av_hr-a3ddb10220631e451a4d4e74f3562123{\nmargin-top:0px;\nmargin-bottom:0px;\n}\n.hr.av-av_hr-a3ddb10220631e451a4d4e74f3562123 .hr-inner{\nwidth:50px;\nborder-color:#f8f8f8;\nmax-width:45%;\n}\n.hr.av-av_hr-a3ddb10220631e451a4d4e74f3562123 .av-seperator-icon{\ncolor:#e5c80c;\n}\n<\/style>\n<div  class='hr av-av_hr-a3ddb10220631e451a4d4e74f3562123 hr-custom  avia-builder-el-4  el_after_av_one_full  el_before_av_one_full  av-small-hide av-mini-hide hr-center hr-icon-yes'><span class='hr-inner inner-border-av-border-fat'><span class=\"hr-inner-style\"><\/span><\/span><span class='av-seperator-icon' aria-hidden='true' data-av_icon='\ue8ce' data-av_iconfont='entypo-fontello'><\/span><span class='hr-inner inner-border-av-border-fat'><span class=\"hr-inner-style\"><\/span><\/span><\/div>\n\n<style type=\"text\/css\" data-created_by=\"avia_inline_auto\" id=\"style-css-av-av_one_full-69ef344583e3781948b14c1d261bc06d\">\n#top .flex_column.av-av_one_full-69ef344583e3781948b14c1d261bc06d{\nmargin-top:0px;\nmargin-bottom:-50px;\n}\n.flex_column.av-av_one_full-69ef344583e3781948b14c1d261bc06d{\nborder-radius:0px 0px 0px 0px;\npadding:0px 0px 0px 0px;\n}\n.responsive #top #wrap_all .flex_column.av-av_one_full-69ef344583e3781948b14c1d261bc06d{\nmargin-top:0px;\nmargin-bottom:-50px;\n}\n<\/style>\n<div  class='flex_column av-av_one_full-69ef344583e3781948b14c1d261bc06d av_one_full  avia-builder-el-5  el_after_av_hr  avia-builder-el-last  first flex_column_div av-animated-generic bottom-to-top av-zero-column-padding  '     ><p>\n<style type=\"text\/css\" data-created_by=\"avia_inline_auto\" id=\"style-css-av-av_heading-949db4f3619f9d606343386ba4ed1951\">\n#top .av-special-heading.av-av_heading-949db4f3619f9d606343386ba4ed1951{\npadding-bottom:0;\n}\nbody .av-special-heading.av-av_heading-949db4f3619f9d606343386ba4ed1951 .av-special-heading-tag .heading-char{\nfont-size:25px;\n}\n.av-special-heading.av-av_heading-949db4f3619f9d606343386ba4ed1951 .av-subheading{\nfont-size:15px;\n}\n<\/style>\n<div  class='av-special-heading av-av_heading-949db4f3619f9d606343386ba4ed1951 av-special-heading-h3 blockquote modern-quote  avia-builder-el-6  el_before_av_textblock  avia-builder-el-first '><h3 class='av-special-heading-tag '  itemprop=\"headline\"  >\u00ab\u00a0\u00c7a y est. C\u2019est le niveau d\u00e9sir\u00e9!\u00a0\u00bb <\/h3><div class=\"special-heading-border\"><div class=\"special-heading-inner-border\"><\/div><\/div><\/div><br \/>\n<section  class='av_textblock_section av-av_textblock-2de302bf1aa3cf4c9157dbe6f50ac7eb '   itemscope=\"itemscope\" itemtype=\"https:\/\/schema.org\/CreativeWork\" ><div class='avia_textblock'  itemprop=\"text\" ><p style=\"text-align: left;\">\u00ab\u00a0Ai suma\u00a0\u00bbest l&rsquo;exclamation typiquement pi\u00e9montaise qui signifie que quelque chose ne peut pas \u00eatre d\u00e9pass\u00e9e, c&rsquo;est l&rsquo;expression maximale. Et c&rsquo;est ce qui nous a inspir\u00e9. Le d\u00e9sir est d&rsquo;exiger le maximum en tout pour offrir \u00e0 nos h\u00f4tes un s\u00e9jour inoubliable, dans un lieu caract\u00e9ristique, intime et accueillant. \u00ab\u00a0<\/p>\n<p style=\"text-align: center;\"><em>\u00c7a y est. C&rsquo;est le niveau d\u00e9sir\u00e9!\u00a0\u00bb<\/em><\/p>\n<\/div><\/section><\/p><\/div>\n\n<\/div><\/div><\/div><!-- close content main div --><\/div><\/div><div id='full_slider_1'  class='avia-fullwidth-slider main_color avia-shadow   avia-builder-el-8  el_after_av_section  el_before_av_button_big   slider-not-first container_wrap fullsize'  ><div  class='avia-slideshow av-av_slideshow_full-122967ff24c4de2ff7cc06ae3415189b avia-slideshow-featured_large av_slideshow_full avia-slide_up-slider av-slideshow-ui av-control-hidden av-no-slider-navigation av-hide-nav-arrows av-slideshow-autoplay av-loop-endless av-loop-manual-endless av-default-height-applied   avia-slideshow-1' data-slideshow-options=\"{&quot;animation&quot;:&quot;slide_up&quot;,&quot;autoplay&quot;:true,&quot;loop_autoplay&quot;:&quot;endless&quot;,&quot;interval&quot;:5,&quot;loop_manual&quot;:&quot;manual-endless&quot;,&quot;autoplay_stopper&quot;:false,&quot;noNavigation&quot;:true,&quot;bg_slider&quot;:false,&quot;keep_padding&quot;:false,&quot;hoverpause&quot;:false,&quot;show_slide_delay&quot;:0}\"  itemprop=\"image\" itemscope=\"itemscope\" itemtype=\"https:\/\/schema.org\/ImageObject\" ><ul class='avia-slideshow-inner ' style='padding-bottom: 52.5%;'><li  class='avia-slideshow-slide av-av_slideshow_full-122967ff24c4de2ff7cc06ae3415189b__0  slide-1 slide-odd'><div data-rel='slideshow-1' class='avia-slide-wrap '   ><img decoding=\"async\" fetchpriority=\"high\" class=\"wp-image-1586 avia-img-lazy-loading-not-1586\"  src=\"https:\/\/milano.aisumahotel.com\/wp-content\/uploads\/2017\/08\/Aisuma-93-1200x630.jpg\" width=\"1200\" height=\"630\" title='' alt=''  itemprop=\"thumbnailUrl\"   \/><\/div><\/li><li  class='avia-slideshow-slide av-av_slideshow_full-122967ff24c4de2ff7cc06ae3415189b__1  slide-2 slide-even'><div data-rel='slideshow-1' class='avia-slide-wrap '   ><img decoding=\"async\" fetchpriority=\"high\" class=\"wp-image-1581 avia-img-lazy-loading-not-1581\"  src=\"https:\/\/milano.aisumahotel.com\/wp-content\/uploads\/2017\/08\/Aisuma-88-1200x630.jpg\" width=\"1200\" height=\"630\" title='' alt=''  itemprop=\"thumbnailUrl\"   \/><\/div><\/li><li  class='avia-slideshow-slide av-av_slideshow_full-122967ff24c4de2ff7cc06ae3415189b__2  slide-3 slide-odd'><div data-rel='slideshow-1' class='avia-slide-wrap '   ><img decoding=\"async\" fetchpriority=\"high\" class=\"wp-image-1508 avia-img-lazy-loading-not-1508\"  src=\"https:\/\/milano.aisumahotel.com\/wp-content\/uploads\/2017\/07\/Aisuma-20-1200x630.jpg\" width=\"1200\" height=\"630\" title='' alt=''  itemprop=\"thumbnailUrl\"   \/><\/div><\/li><li  class='avia-slideshow-slide av-av_slideshow_full-122967ff24c4de2ff7cc06ae3415189b__3  slide-4 slide-even'><div data-rel='slideshow-1' class='avia-slide-wrap '   ><img decoding=\"async\" fetchpriority=\"high\" class=\"wp-image-1505 avia-img-lazy-loading-not-1505\"  src=\"https:\/\/milano.aisumahotel.com\/wp-content\/uploads\/2017\/07\/Aisuma-17-1200x630.jpg\" width=\"1200\" height=\"630\" title='' alt=''  itemprop=\"thumbnailUrl\"   \/><\/div><\/li><li  class='avia-slideshow-slide av-av_slideshow_full-122967ff24c4de2ff7cc06ae3415189b__4  slide-5 slide-odd'><div data-rel='slideshow-1' class='avia-slide-wrap '   ><img decoding=\"async\" fetchpriority=\"high\" class=\"wp-image-1520 avia-img-lazy-loading-not-1520\"  src=\"https:\/\/milano.aisumahotel.com\/wp-content\/uploads\/2017\/07\/Aisuma-32-1200x630.jpg\" width=\"1200\" height=\"630\" title='' alt=''  itemprop=\"thumbnailUrl\"   \/><\/div><\/li><\/ul><div class='avia-slideshow-arrows avia-slideshow-controls' ><a href='#prev' class='prev-slide ' aria-hidden='true' data-av_icon='\ue87c' data-av_iconfont='entypo-fontello'  tabindex='-1'>Pr\u00e9c\u00e9dent<\/a><a href='#next' class='next-slide ' aria-hidden='true' data-av_icon='\ue87d' data-av_iconfont='entypo-fontello'  tabindex='-1'>Suivant<\/a><\/div><\/div><\/div>\n<div  class='avia-button-wrap avia-button-center  avia-builder-el-9  el_after_av_slideshow_full  avia-builder-el-last '>\n<style type=\"text\/css\" data-created_by=\"avia_inline_auto\" id=\"style-css-av-av_button_big-8a1a356485988966de6916ae43752df4\">\n#top #wrap_all .avia-button.av-av_button_big-8a1a356485988966de6916ae43752df4{\nbackground-color:#191e24;\nborder-color:#191e24;\ncolor:#ffffff;\ntransition:all 0.4s ease-in-out;\n}\n#top #wrap_all .avia-button.av-av_button_big-8a1a356485988966de6916ae43752df4:hover{\ncolor:#ffffff;\ntransition:all 0.4s ease-in-out;\n}\n<\/style>\n<a href='https:\/\/www.aisumahotel.com\/rooms\/?lang=fr' class='avia-button avia-button-fullwidth av-av_button_big-8a1a356485988966de6916ae43752df4 avia-icon_select-no avia-color-custom'   aria-label=\"V\u00e9rifier\"><span class='avia_iconbox_title' >V\u00e9rifier<\/span><span class='avia_button_background avia-button avia-button-fullwidth avia-color-theme-color'><\/span><\/a><\/div>\n","protected":false},"excerpt":{"rendered":"","protected":false},"author":1,"featured_media":0,"parent":0,"menu_order":0,"comment_status":"open","ping_status":"open","template":"","meta":{"footnotes":""},"class_list":["post-1605","page","type-page","status-publish","hentry"],"yoast_head":"<!-- This site is optimized with the Yoast SEO plugin v27.5 - https:\/\/yoast.com\/product\/yoast-seo-wordpress\/ -->\n<title>H\u00f4tel - Ai Suma Hotel - Milano<\/title>\n<meta name=\"robots\" content=\"index, follow, max-snippet:-1, max-image-preview:large, max-video-preview:-1\" \/>\n<link rel=\"canonical\" href=\"https:\/\/milano.aisumahotel.com\/fr\/hotel\/\" \/>\n<meta property=\"og:locale\" content=\"fr_FR\" \/>\n<meta property=\"og:type\" content=\"article\" \/>\n<meta property=\"og:title\" content=\"H\u00f4tel - Ai Suma Hotel - Milano\" \/>\n<meta property=\"og:url\" content=\"https:\/\/milano.aisumahotel.com\/fr\/hotel\/\" \/>\n<meta property=\"og:site_name\" content=\"Ai Suma Hotel - Milano\" \/>\n<meta property=\"article:modified_time\" content=\"2017-12-18T08:41:10+00:00\" \/>\n<meta name=\"twitter:card\" content=\"summary_large_image\" \/>\n<meta name=\"twitter:label1\" content=\"Dur\u00e9e de lecture estim\u00e9e\" \/>\n\t<meta name=\"twitter:data1\" content=\"6 minutes\" \/>\n<script type=\"application\/ld+json\" class=\"yoast-schema-graph\">{\"@context\":\"https:\\\/\\\/schema.org\",\"@graph\":[{\"@type\":\"WebPage\",\"@id\":\"https:\\\/\\\/milano.aisumahotel.com\\\/fr\\\/hotel\\\/\",\"url\":\"https:\\\/\\\/milano.aisumahotel.com\\\/fr\\\/hotel\\\/\",\"name\":\"H\u00f4tel - Ai Suma Hotel - Milano\",\"isPartOf\":{\"@id\":\"https:\\\/\\\/milano.aisumahotel.com\\\/fr\\\/#website\"},\"datePublished\":\"2015-07-16T07:12:44+00:00\",\"dateModified\":\"2017-12-18T08:41:10+00:00\",\"breadcrumb\":{\"@id\":\"https:\\\/\\\/milano.aisumahotel.com\\\/fr\\\/hotel\\\/#breadcrumb\"},\"inLanguage\":\"fr-FR\",\"potentialAction\":[{\"@type\":\"ReadAction\",\"target\":[\"https:\\\/\\\/milano.aisumahotel.com\\\/fr\\\/hotel\\\/\"]}]},{\"@type\":\"BreadcrumbList\",\"@id\":\"https:\\\/\\\/milano.aisumahotel.com\\\/fr\\\/hotel\\\/#breadcrumb\",\"itemListElement\":[{\"@type\":\"ListItem\",\"position\":1,\"name\":\"Home\",\"item\":\"https:\\\/\\\/milano.aisumahotel.com\\\/fr\\\/\"},{\"@type\":\"ListItem\",\"position\":2,\"name\":\"H\u00f4tel\"}]},{\"@type\":\"WebSite\",\"@id\":\"https:\\\/\\\/milano.aisumahotel.com\\\/fr\\\/#website\",\"url\":\"https:\\\/\\\/milano.aisumahotel.com\\\/fr\\\/\",\"name\":\"Ai Suma Hotel - Milano\",\"description\":\"\",\"potentialAction\":[{\"@type\":\"SearchAction\",\"target\":{\"@type\":\"EntryPoint\",\"urlTemplate\":\"https:\\\/\\\/milano.aisumahotel.com\\\/fr\\\/?s={search_term_string}\"},\"query-input\":{\"@type\":\"PropertyValueSpecification\",\"valueRequired\":true,\"valueName\":\"search_term_string\"}}],\"inLanguage\":\"fr-FR\"}]}<\/script>\n<!-- \/ Yoast SEO plugin. -->","yoast_head_json":{"title":"H\u00f4tel - Ai Suma Hotel - Milano","robots":{"index":"index","follow":"follow","max-snippet":"max-snippet:-1","max-image-preview":"max-image-preview:large","max-video-preview":"max-video-preview:-1"},"canonical":"https:\/\/milano.aisumahotel.com\/fr\/hotel\/","og_locale":"fr_FR","og_type":"article","og_title":"H\u00f4tel - Ai Suma Hotel - Milano","og_url":"https:\/\/milano.aisumahotel.com\/fr\/hotel\/","og_site_name":"Ai Suma Hotel - Milano","article_modified_time":"2017-12-18T08:41:10+00:00","twitter_card":"summary_large_image","twitter_misc":{"Dur\u00e9e de lecture estim\u00e9e":"6 minutes"},"schema":{"@context":"https:\/\/schema.org","@graph":[{"@type":"WebPage","@id":"https:\/\/milano.aisumahotel.com\/fr\/hotel\/","url":"https:\/\/milano.aisumahotel.com\/fr\/hotel\/","name":"H\u00f4tel - Ai Suma Hotel - Milano","isPartOf":{"@id":"https:\/\/milano.aisumahotel.com\/fr\/#website"},"datePublished":"2015-07-16T07:12:44+00:00","dateModified":"2017-12-18T08:41:10+00:00","breadcrumb":{"@id":"https:\/\/milano.aisumahotel.com\/fr\/hotel\/#breadcrumb"},"inLanguage":"fr-FR","potentialAction":[{"@type":"ReadAction","target":["https:\/\/milano.aisumahotel.com\/fr\/hotel\/"]}]},{"@type":"BreadcrumbList","@id":"https:\/\/milano.aisumahotel.com\/fr\/hotel\/#breadcrumb","itemListElement":[{"@type":"ListItem","position":1,"name":"Home","item":"https:\/\/milano.aisumahotel.com\/fr\/"},{"@type":"ListItem","position":2,"name":"H\u00f4tel"}]},{"@type":"WebSite","@id":"https:\/\/milano.aisumahotel.com\/fr\/#website","url":"https:\/\/milano.aisumahotel.com\/fr\/","name":"Ai Suma Hotel - Milano","description":"","potentialAction":[{"@type":"SearchAction","target":{"@type":"EntryPoint","urlTemplate":"https:\/\/milano.aisumahotel.com\/fr\/?s={search_term_string}"},"query-input":{"@type":"PropertyValueSpecification","valueRequired":true,"valueName":"search_term_string"}}],"inLanguage":"fr-FR"}]}},"_links":{"self":[{"href":"https:\/\/milano.aisumahotel.com\/fr\/wp-json\/wp\/v2\/pages\/1605","targetHints":{"allow":["GET"]}}],"collection":[{"href":"https:\/\/milano.aisumahotel.com\/fr\/wp-json\/wp\/v2\/pages"}],"about":[{"href":"https:\/\/milano.aisumahotel.com\/fr\/wp-json\/wp\/v2\/types\/page"}],"author":[{"embeddable":true,"href":"https:\/\/milano.aisumahotel.com\/fr\/wp-json\/wp\/v2\/users\/1"}],"replies":[{"embeddable":true,"href":"https:\/\/milano.aisumahotel.com\/fr\/wp-json\/wp\/v2\/comments?post=1605"}],"version-history":[{"count":6,"href":"https:\/\/milano.aisumahotel.com\/fr\/wp-json\/wp\/v2\/pages\/1605\/revisions"}],"predecessor-version":[{"id":1687,"href":"https:\/\/milano.aisumahotel.com\/fr\/wp-json\/wp\/v2\/pages\/1605\/revisions\/1687"}],"wp:attachment":[{"href":"https:\/\/milano.aisumahotel.com\/fr\/wp-json\/wp\/v2\/media?parent=1605"}],"curies":[{"name":"wp","href":"https:\/\/api.w.org\/{rel}","templated":true}]}}