{"id":1602,"date":"2015-07-16T09:12:51","date_gmt":"2015-07-16T07:12:51","guid":{"rendered":"https:\/\/www.aisumahotel.com\/?page_id=1602"},"modified":"2023-09-05T16:28:29","modified_gmt":"2023-09-05T14:28:29","slug":"contacts","status":"publish","type":"page","link":"https:\/\/milano.aisumahotel.com\/fr\/contacts\/","title":{"rendered":"Contacts"},"content":{"rendered":"\n<style type=\"text\/css\" data-created_by=\"avia_inline_auto\" id=\"style-css-av-11imagy-77cf9e3d00fb805071a7780b98055ef2\">\n.avia-section.av-11imagy-77cf9e3d00fb805071a7780b98055ef2{\nbackground-repeat:no-repeat;\nbackground-image:url(https:\/\/milano.aisumahotel.com\/wp-content\/uploads\/2015\/07\/contatti.jpg);\nbackground-position:50% 50%;\nbackground-attachment:fixed;\n}\n<\/style>\n<div id='av_section_1'  class='avia-section av-11imagy-77cf9e3d00fb805071a7780b98055ef2 main_color avia-section-default avia-no-shadow  avia-builder-el-0  el_before_av_section  avia-builder-el-first  av-small-hide av-mini-hide avia-full-contain avia-bg-style-fixed av-minimum-height av-minimum-height-50 av-height-50  container_wrap fullsize'  data-section-bg-repeat='contain' data-av_minimum_height_pc='50' data-av_min_height_opt='50'><div class='container av-section-cont-open' ><main  role=\"main\" itemprop=\"mainContentOfPage\"  class='template-page content  av-content-full alpha units'><div class='post-entry post-entry-type-page post-entry-1602'><div class='entry-content-wrapper clearfix'>\n<\/div><\/div><\/main><!-- close content main element --><\/div><\/div>\n<style type=\"text\/css\" data-created_by=\"avia_inline_auto\" id=\"style-css-av-zbqzyq-95dce22cccc48ad23e9400fd37ee1349\">\n.avia-section.av-zbqzyq-95dce22cccc48ad23e9400fd37ee1349{\nbackground-repeat:no-repeat;\nbackground-image:url(https:\/\/milano.aisumahotel.com\/wp-content\/uploads\/2015\/07\/contatti.jpg);\nbackground-position:50% 50%;\nbackground-attachment:scroll;\n}\n<\/style>\n<div id='av_section_2'  class='avia-section av-zbqzyq-95dce22cccc48ad23e9400fd37ee1349 main_color avia-section-default avia-no-shadow  avia-builder-el-1  el_after_av_section  el_before_av_one_full  av-desktop-hide av-medium-hide avia-full-contain avia-bg-style-scroll av-minimum-height av-minimum-height-50 av-height-50  container_wrap fullsize'  data-section-bg-repeat='contain' data-av_minimum_height_pc='50' data-av_min_height_opt='50'><div class='container av-section-cont-open' ><div class='template-page content  av-content-full alpha units'><div class='post-entry post-entry-type-page post-entry-1602'><div class='entry-content-wrapper clearfix'><\/div><\/div><\/div><!-- close content main div --><\/div><\/div><div id='after_section_2'  class='main_color av_default_container_wrap container_wrap fullsize'  ><div class='container av-section-cont-open' ><div class='template-page content  av-content-full alpha units'><div class='post-entry post-entry-type-page post-entry-1602'><div class='entry-content-wrapper clearfix'>\n\n<style type=\"text\/css\" data-created_by=\"avia_inline_auto\" id=\"style-css-av-xglqcy-958b44a80d1818900c350a1ab9f8ac79\">\n.flex_column.av-xglqcy-958b44a80d1818900c350a1ab9f8ac79{\nborder-radius:0px 0px 0px 0px;\npadding:0px 0px 0px 0px;\n}\n<\/style>\n<div  class='flex_column av-xglqcy-958b44a80d1818900c350a1ab9f8ac79 av_one_full  avia-builder-el-2  el_after_av_section  el_before_av_heading  avia-builder-el-first  first flex_column_div av-animated-generic bottom-to-top av-zero-column-padding  '     ><section  class='av_textblock_section av-vyq7tu-80d4ad1b507f64c568910e0e13edced0 '   itemscope=\"itemscope\" itemtype=\"https:\/\/schema.org\/CreativeWork\" ><div class='avia_textblock'  itemprop=\"text\" ><p>Ai Suma est situ\u00e9 \u00e0 Porta Venezia,\u00a0 proche du nouveau <em>Fashion District<\/em> et se trouve dans une position strat\u00e9gique pour rejoindre facilement le c\u0153ur de la ville:\u00a0 reli\u00e9 au proche a\u00e9roport de Milan Linate gr\u00e2ce \u00e0 un TAXI parking pratique en face de l&rsquo;h\u00f4tel y, de plus, gr\u00e2ce au bus, tram et m\u00e9tro &#8211; MM1 Porta Venezia, situ\u00e9 \u00e0 20 m\u00e8tres de AI SUMA.<\/p>\n<\/div><\/section><\/div>\n\n<style type=\"text\/css\" data-created_by=\"avia_inline_auto\" id=\"style-css-av-4fxhr6-0d9b200dbc47508d3430598c8b9500a9\">\n#top .av-special-heading.av-4fxhr6-0d9b200dbc47508d3430598c8b9500a9{\npadding-bottom:10px;\n}\nbody .av-special-heading.av-4fxhr6-0d9b200dbc47508d3430598c8b9500a9 .av-special-heading-tag .heading-char{\nfont-size:25px;\n}\n.av-special-heading.av-4fxhr6-0d9b200dbc47508d3430598c8b9500a9 .av-subheading{\nfont-size:15px;\n}\n<\/style>\n<div  class='av-special-heading av-4fxhr6-0d9b200dbc47508d3430598c8b9500a9 av-special-heading-h3 blockquote modern-quote modern-centered  avia-builder-el-4  el_after_av_one_full  el_before_av_three_fourth '><h3 class='av-special-heading-tag '  itemprop=\"headline\"  >Comment nous rejoindre<\/h3><div class=\"special-heading-border\"><div class=\"special-heading-inner-border\"><\/div><\/div><\/div>\n\n<style type=\"text\/css\" data-created_by=\"avia_inline_auto\" id=\"style-css-av-uuao4y-d3f476f17db1f6924eea70ef2388c8dc\">\n.flex_column.av-uuao4y-d3f476f17db1f6924eea70ef2388c8dc{\nborder-radius:0px 0px 0px 0px;\npadding:0px 0px 0px 0px;\n}\n<\/style>\n<div  class='flex_column av-uuao4y-d3f476f17db1f6924eea70ef2388c8dc av_three_fourth  avia-builder-el-5  el_after_av_heading  el_before_av_one_fourth  first flex_column_div av-animated-generic bottom-to-top av-zero-column-padding  '     ><section  class='av_textblock_section av-s1q4mq-9aed320e303da7d240cf3c64b8999c44 '   itemscope=\"itemscope\" itemtype=\"https:\/\/schema.org\/CreativeWork\" ><div class='avia_textblock'  itemprop=\"text\" ><p>De la gare Stazione Centrale:<\/p>\n<ul>\n<li>Prenez TRAM 9 pour 7 arr\u00eats &#8211; vers Porta Genova; Descendre \u00e0 Porta Venezia.<\/li>\n<\/ul>\n<div>De l&rsquo;a\u00e9roport de Milan Linate:<\/div>\n<div><\/div>\n<ul>\n<li>L&rsquo;a\u00e9roport de Linate et le centre de Milan sont reli\u00e9s en seulement 12 minutes gr\u00e2ce \u00e0 l&rsquo;ouverture de deux nouvelles stations de m\u00e9tro M4 : \u00ab Tricolore \u00bb et \u00ab San Babila \u00bb. Depuis San Babila, ligne rouge, arr\u00eat Porta Venezia<\/li>\n<\/ul>\n<div>Le \u00ab bleu \u00bb est en service du lundi au jeudi de 6h00 \u00e0 22h00 ; du vendredi au dimanche de 6h00 \u00e0 00h30.<\/div>\n<p>De l&rsquo;a\u00e9roport de Milan Malpensa:<\/p>\n<ul>\n<li style=\"text-align: left;\">Le meilleur moyen d&rsquo;arriver \u00e0 l&rsquo;h\u00f4tel est le train \u00ab\u00a0Malpensa Express\u00a0\u00bb qui relie l&rsquo;a\u00e9roport en 50 minutes \u00e0 la ville (gare Centrale) et vice versa.<br \/>\nAlternativement, de l&rsquo;a\u00e9roport, prendre le bus \u00ab\u00a0Malpensa Shuttle\u00a0\u00bb jusqu&rsquo;\u00e0 la gare Centrale.<\/li>\n<\/ul>\n<p style=\"text-align: center;\">PARKING<br \/>\nAI SUMA HOTEL est situ\u00e9 dans une zone \u00e0 circulation limit\u00e9e.<br \/>\nPour ceux qui choisissent d&rsquo;y venir en voiture, nous vous sugg\u00e9rons d&rsquo;utiliser les parkings de Viale Majno situ\u00e9s \u00e0 quelques m\u00e8tres de l&rsquo;h\u00f4tel.<\/p>\n<\/div><\/section><\/div>\n<style type=\"text\/css\" data-created_by=\"avia_inline_auto\" id=\"style-css-av-uuao4y-2-d797f0b1977c3a67110e86f20a2a9842\">\n.flex_column.av-uuao4y-2-d797f0b1977c3a67110e86f20a2a9842{\nborder-radius:0px 0px 0px 0px;\npadding:0px 0px 0px 0px;\n}\n<\/style>\n<div  class='flex_column av-uuao4y-2-d797f0b1977c3a67110e86f20a2a9842 av_one_fourth  avia-builder-el-7  el_after_av_three_fourth  el_before_av_google_map  avia-builder-el-last  flex_column_div av-animated-generic bottom-to-top av-zero-column-padding  '     ><style type=\"text\/css\" data-created_by=\"avia_inline_auto\" id=\"style-css-av-jqm9jmyi-080281bab402ea90947934f8fb2f0516\">\n.avia-image-container.av-jqm9jmyi-080281bab402ea90947934f8fb2f0516 img.avia_image{\nbox-shadow:none;\n}\n.avia-image-container.av-jqm9jmyi-080281bab402ea90947934f8fb2f0516 .av-image-caption-overlay-center{\ncolor:#ffffff;\n}\n<\/style>\n<div  class='avia-image-container av-jqm9jmyi-080281bab402ea90947934f8fb2f0516 av-styling- av-img-linked avia_animated_image av-animated-when-visible-95 bottom-to-top avia-align-center  avia-builder-el-8  avia-builder-el-no-sibling '   itemprop=\"image\" itemscope=\"itemscope\" itemtype=\"https:\/\/schema.org\/ImageObject\" ><div class=\"avia-image-container-inner\"><div class=\"avia-image-overlay-wrap\"><a href=\"http:\/\/new.transfersforhotels.com\/h\/milan\/ai-suma-hotel\" class='avia_image ' target=\"_blank\" rel=\"noopener noreferrer\"><img decoding=\"async\" fetchpriority=\"high\" class='wp-image-1927 avia-img-lazy-loading-not-1927 avia_image ' src=\"https:\/\/milano.aisumahotel.com\/wp-content\/uploads\/2019\/01\/transfer_fr.jpg\" alt='' title=''  height=\"272\" width=\"230\"  itemprop=\"thumbnailUrl\"  \/><\/a><\/div><\/div><\/div><\/div><\/p>\n<div  class='av_gmaps_sc_main_wrap av_gmaps_main_wrap '><div id='av_gmap_0' class='avia-google-map-container avia-google-map-sc av_gmaps_show_unconditionally av-no-fallback-img ' data-mapid='av_gmap_0'  style='height: 550px;'><a class=\"av_gmaps_browser_disabled av_text_confirm_link av_text_confirm_link_visible\" href=\"https:\/\/www.google.com\/maps\/search\/?api=1&#038;query=Via%20Spallanzani,%207%20%20Milano%20%20Italy\" target=\"_blank\" rel=\"noopener\">Les cartes ont \u00e9t\u00e9 d\u00e9sactiv\u00e9es par le visiteur sur ce site. Cliquer pour ouvrir la carte dans une nouvelle fen\u00eatre.<\/a><\/div><\/div>\n\n<style type=\"text\/css\" data-created_by=\"avia_inline_auto\" id=\"style-css-av-mw2yhu-3c76a4639766704e41b7984314fd0677\">\n.avia-section.av-mw2yhu-3c76a4639766704e41b7984314fd0677{\nbackground-repeat:no-repeat;\nbackground-image:url(https:\/\/milano.aisumahotel.com\/wp-content\/uploads\/2015\/07\/ornament-bg-top-small-1.png);\nbackground-position:50% 0%;\nbackground-attachment:scroll;\n}\n.avia-section.av-mw2yhu-3c76a4639766704e41b7984314fd0677 .av-extra-border-element .av-extra-border-inner{\nbackground-color:#ffffff;\n}\n<\/style>\n<div id='av_section_3'  class='avia-section av-mw2yhu-3c76a4639766704e41b7984314fd0677 main_color avia-section-huge avia-no-border-styling  avia-builder-el-10  el_after_av_google_map  avia-builder-el-last  avia-full-contain avia-bg-style-scroll av-arrow-down-section container_wrap fullsize'  data-section-bg-repeat='contain'><div class='container av-section-cont-open' ><div class='template-page content  av-content-full alpha units'><div class='post-entry post-entry-type-page post-entry-1602'><div class='entry-content-wrapper clearfix'>\n\n<style type=\"text\/css\" data-created_by=\"avia_inline_auto\" id=\"style-css-av-l8ljg2-c117a348e0f5be40817999c5de156b70\">\n.flex_column.av-l8ljg2-c117a348e0f5be40817999c5de156b70{\nborder-radius:0px 0px 0px 0px;\npadding:50px 50px 50px 50px;\nbackground-color:rgba(255,255,255,0.6);\n}\n<\/style>\n<div  class='flex_column av-l8ljg2-c117a348e0f5be40817999c5de156b70 av_one_full  avia-builder-el-11  el_before_av_one_full  avia-builder-el-first  first flex_column_div av-animated-generic bottom-to-top avia-full-stretch  '     ><style type=\"text\/css\" data-created_by=\"avia_inline_auto\" id=\"style-css-av-33x3j6-8346101180a2ee9b046bacc2aee22426\">\n#top .av-special-heading.av-33x3j6-8346101180a2ee9b046bacc2aee22426{\npadding-bottom:20px;\nfont-size:40px;\n}\nbody .av-special-heading.av-33x3j6-8346101180a2ee9b046bacc2aee22426 .av-special-heading-tag .heading-char{\nfont-size:25px;\n}\n#top #wrap_all .av-special-heading.av-33x3j6-8346101180a2ee9b046bacc2aee22426 .av-special-heading-tag{\nfont-size:40px;\n}\n.av-special-heading.av-33x3j6-8346101180a2ee9b046bacc2aee22426 .av-subheading{\nfont-size:15px;\n}\n\n@media only screen and (min-width: 480px) and (max-width: 767px){ \n#top #wrap_all .av-special-heading.av-33x3j6-8346101180a2ee9b046bacc2aee22426 .av-special-heading-tag{\nfont-size:0.8em;\n}\n}\n\n@media only screen and (max-width: 479px){ \n#top #wrap_all .av-special-heading.av-33x3j6-8346101180a2ee9b046bacc2aee22426 .av-special-heading-tag{\nfont-size:0.8em;\n}\n}\n<\/style>\n<div  class='av-special-heading av-33x3j6-8346101180a2ee9b046bacc2aee22426 av-special-heading-h1 blockquote modern-quote modern-centered  avia-builder-el-12  avia-builder-el-no-sibling  av-inherit-size'><h1 class='av-special-heading-tag '  itemprop=\"headline\"  >Demande d\u2019information<\/h1><div class=\"special-heading-border\"><div class=\"special-heading-inner-border\"><\/div><\/div><\/div><\/div>\n<style type=\"text\/css\" data-created_by=\"avia_inline_auto\" id=\"style-css-av-l8ljg2-1-8396226f059c141375b49dc4f444e895\">\n.flex_column.av-l8ljg2-1-8396226f059c141375b49dc4f444e895{\nborder-radius:0px 0px 0px 0px;\npadding:50px 50px 50px 50px;\nbackground-color:rgba(255,255,255,0.6);\n}\n<\/style>\n<div  class='flex_column av-l8ljg2-1-8396226f059c141375b49dc4f444e895 av_one_full  avia-builder-el-13  el_after_av_one_full  avia-builder-el-last  first flex_column_div av-animated-generic bottom-to-top avia-full-stretch  column-top-margin'     ><section  class='av_textblock_section av-ju1c8z7e-fc4728c75fa747f8ee655cc7d916305d '   itemscope=\"itemscope\" itemtype=\"https:\/\/schema.org\/CreativeWork\" ><div class='avia_textblock'  itemprop=\"text\" >\n<div class=\"wpcf7 no-js\" id=\"wpcf7-f2127-o1\" lang=\"it-IT\" dir=\"ltr\" data-wpcf7-id=\"2127\">\n<div class=\"screen-reader-response\"><p role=\"status\" aria-live=\"polite\" aria-atomic=\"true\"><\/p> <ul><\/ul><\/div>\n<form action=\"\/fr\/wp-json\/wp\/v2\/pages\/1602#wpcf7-f2127-o1\" method=\"post\" class=\"wpcf7-form init\" aria-label=\"Modulo di contatto\" novalidate=\"novalidate\" data-status=\"init\">\n<fieldset class=\"hidden-fields-container\"><input type=\"hidden\" name=\"_wpcf7\" value=\"2127\" \/><input type=\"hidden\" name=\"_wpcf7_version\" value=\"6.1.5\" \/><input type=\"hidden\" name=\"_wpcf7_locale\" value=\"it_IT\" \/><input type=\"hidden\" name=\"_wpcf7_unit_tag\" value=\"wpcf7-f2127-o1\" \/><input type=\"hidden\" name=\"_wpcf7_container_post\" value=\"0\" \/><input type=\"hidden\" name=\"_wpcf7_posted_data_hash\" value=\"\" \/><input type=\"hidden\" name=\"_wpcf7_recaptcha_response\" value=\"\" \/>\n<\/fieldset>\n<p><label> Nom et Pr\u00e9nom (obligatoire)<br \/>\n<span class=\"wpcf7-form-control-wrap\" data-name=\"your-name\"><input size=\"40\" maxlength=\"400\" class=\"wpcf7-form-control wpcf7-text wpcf7-validates-as-required\" aria-required=\"true\" aria-invalid=\"false\" value=\"\" type=\"text\" name=\"your-name\" \/><\/span> <\/label>\n<\/p>\n<p><label> Votre email (obligatoire)<br \/>\n<span class=\"wpcf7-form-control-wrap\" data-name=\"your-email\"><input size=\"40\" maxlength=\"400\" class=\"wpcf7-form-control wpcf7-email wpcf7-validates-as-required wpcf7-text wpcf7-validates-as-email\" aria-required=\"true\" aria-invalid=\"false\" value=\"\" type=\"email\" name=\"your-email\" \/><\/span> <\/label>\n<\/p>\n<p><label> Num\u00e9ro de t\u00e9l\u00e9phone (obligatoire)<br \/>\n<span class=\"wpcf7-form-control-wrap\" data-name=\"tel-457\"><input size=\"40\" maxlength=\"400\" class=\"wpcf7-form-control wpcf7-tel wpcf7-validates-as-required wpcf7-text wpcf7-validates-as-tel\" aria-required=\"true\" aria-invalid=\"false\" value=\"\" type=\"tel\" name=\"tel-457\" \/><\/span> <\/label>\n<\/p>\n<p><label> Check-in (obligatoire)<br \/>\n<span class=\"wpcf7-form-control-wrap\" data-name=\"date-870\"><input class=\"wpcf7-form-control wpcf7-date wpcf7-validates-as-required wpcf7-validates-as-date\" min=\"2026-04-23\" aria-required=\"true\" aria-invalid=\"false\" value=\"\" type=\"date\" name=\"date-870\" \/><\/span> <\/label>\n<\/p>\n<p><label> Check-out (obligatoire)<br \/>\n<span class=\"wpcf7-form-control-wrap\" data-name=\"date-871\"><input class=\"wpcf7-form-control wpcf7-date wpcf7-validates-as-required wpcf7-validates-as-date\" min=\"2026-04-23\" aria-required=\"true\" aria-invalid=\"false\" value=\"\" type=\"date\" name=\"date-871\" \/><\/span><\/label>\n<\/p>\n<p><label> Adultes (obligatoire)<br \/>\n<span class=\"wpcf7-form-control-wrap\" data-name=\"menu-158\"><select class=\"wpcf7-form-control wpcf7-select wpcf7-validates-as-required\" aria-required=\"true\" aria-invalid=\"false\" name=\"menu-158\"><option value=\"1\">1<\/option><option value=\"2\">2<\/option><option value=\"3\">3<\/option><option value=\"4\">4<\/option><\/select><\/span> <\/label>\n<\/p>\n<p><label> B\u00e9b\u00e9s (0-2 ans) (obligatoire)<br \/>\n<span class=\"wpcf7-form-control-wrap\" data-name=\"menu-174\"><select class=\"wpcf7-form-control wpcf7-select wpcf7-validates-as-required\" aria-required=\"true\" aria-invalid=\"false\" name=\"menu-174\"><option value=\"0\">0<\/option><option value=\"1\">1<\/option><option value=\"2\">2<\/option><\/select><\/span> <\/label>\n<\/p>\n<p><label> Chambre (obligatoire)<br \/>\n<span class=\"wpcf7-form-control-wrap\" data-name=\"menu-679\"><select class=\"wpcf7-form-control wpcf7-select wpcf7-validates-as-required\" aria-required=\"true\" aria-invalid=\"false\" name=\"menu-679\"><option value=\"Double usage single\">Double usage single<\/option><option value=\"Matrimonial\/Double\">Matrimonial\/Double<\/option><option value=\"Triple\">Triple<\/option><option value=\"Quadruple\/Familiale\">Quadruple\/Familiale<\/option><option value=\"Ajouter chambres (d\u00e9crivez dans le message les chambres que vous voulez)\">Ajouter chambres (d\u00e9crivez dans le message les chambres que vous voulez)<\/option><\/select><\/span><\/label>\n<\/p>\n<p><label> Votre demande<br \/>\n<span class=\"wpcf7-form-control-wrap\" data-name=\"your-message\"><textarea cols=\"40\" rows=\"10\" maxlength=\"2000\" class=\"wpcf7-form-control wpcf7-textarea wpcf7-validates-as-required\" aria-required=\"true\" aria-invalid=\"false\" name=\"your-message\"><\/textarea><\/span> <\/label>\n<\/p>\n<p style=\"color:#BF0F02\">Je consens au traitement des donn\u00e9es personnelles aux fins d\u00e9crits dans la section <a href=\"\/privacy-policy\/\" target=\"blank\" rel=\"noopener\"> Privacy Policy <\/a>\n<\/p>\n<p><span class=\"wpcf7-form-control-wrap\" data-name=\"acceptance-556\"><span class=\"wpcf7-form-control wpcf7-acceptance\"><span class=\"wpcf7-list-item\"><label><input type=\"checkbox\" name=\"acceptance-556\" value=\"1\" aria-invalid=\"false\" \/><span class=\"wpcf7-list-item-label\">Je consens<\/span><\/label><\/span><\/span><\/span>\n<\/p>\n<p><input class=\"wpcf7-form-control wpcf7-submit has-spinner\" type=\"submit\" value=\"Envoyer\" \/>\n<\/p><p style=\"display: none !important;\" class=\"akismet-fields-container\" data-prefix=\"_wpcf7_ak_\"><label>&#916;<textarea name=\"_wpcf7_ak_hp_textarea\" cols=\"45\" rows=\"8\" maxlength=\"100\"><\/textarea><\/label><input type=\"hidden\" id=\"ak_js_1\" name=\"_wpcf7_ak_js\" value=\"177\"\/><script>document.getElementById( \"ak_js_1\" ).setAttribute( \"value\", ( new Date() ).getTime() );<\/script><\/p><div class=\"wpcf7-response-output\" aria-hidden=\"true\"><\/div>\n<\/form>\n<\/div>\n\n<\/div><\/section><\/div>\n\n","protected":false},"excerpt":{"rendered":"","protected":false},"author":1,"featured_media":0,"parent":0,"menu_order":0,"comment_status":"open","ping_status":"open","template":"","meta":{"footnotes":""},"class_list":["post-1602","page","type-page","status-publish","hentry"],"yoast_head":"<!-- This site is optimized with the Yoast SEO plugin v27.4 - https:\/\/yoast.com\/product\/yoast-seo-wordpress\/ -->\n<title>Contacts - Ai Suma Hotel - Milano<\/title>\n<meta name=\"robots\" content=\"index, follow, max-snippet:-1, max-image-preview:large, max-video-preview:-1\" \/>\n<link rel=\"canonical\" href=\"https:\/\/milano.aisumahotel.com\/fr\/contacts\/\" \/>\n<meta property=\"og:locale\" content=\"fr_FR\" \/>\n<meta property=\"og:type\" content=\"article\" \/>\n<meta property=\"og:title\" content=\"Contacts - Ai Suma Hotel - Milano\" \/>\n<meta property=\"og:url\" content=\"https:\/\/milano.aisumahotel.com\/fr\/contacts\/\" \/>\n<meta property=\"og:site_name\" content=\"Ai Suma Hotel - Milano\" \/>\n<meta property=\"article:modified_time\" content=\"2023-09-05T14:28:29+00:00\" \/>\n<meta name=\"twitter:card\" content=\"summary_large_image\" \/>\n<meta name=\"twitter:label1\" content=\"Dur\u00e9e de lecture estim\u00e9e\" \/>\n\t<meta name=\"twitter:data1\" content=\"4 minutes\" \/>\n<script type=\"application\/ld+json\" class=\"yoast-schema-graph\">{\"@context\":\"https:\\\/\\\/schema.org\",\"@graph\":[{\"@type\":\"WebPage\",\"@id\":\"https:\\\/\\\/milano.aisumahotel.com\\\/fr\\\/contacts\\\/\",\"url\":\"https:\\\/\\\/milano.aisumahotel.com\\\/fr\\\/contacts\\\/\",\"name\":\"Contacts - Ai Suma Hotel - Milano\",\"isPartOf\":{\"@id\":\"https:\\\/\\\/milano.aisumahotel.com\\\/fr\\\/#website\"},\"datePublished\":\"2015-07-16T07:12:51+00:00\",\"dateModified\":\"2023-09-05T14:28:29+00:00\",\"breadcrumb\":{\"@id\":\"https:\\\/\\\/milano.aisumahotel.com\\\/fr\\\/contacts\\\/#breadcrumb\"},\"inLanguage\":\"fr-FR\",\"potentialAction\":[{\"@type\":\"ReadAction\",\"target\":[\"https:\\\/\\\/milano.aisumahotel.com\\\/fr\\\/contacts\\\/\"]}]},{\"@type\":\"BreadcrumbList\",\"@id\":\"https:\\\/\\\/milano.aisumahotel.com\\\/fr\\\/contacts\\\/#breadcrumb\",\"itemListElement\":[{\"@type\":\"ListItem\",\"position\":1,\"name\":\"Home\",\"item\":\"https:\\\/\\\/milano.aisumahotel.com\\\/fr\\\/\"},{\"@type\":\"ListItem\",\"position\":2,\"name\":\"Contacts\"}]},{\"@type\":\"WebSite\",\"@id\":\"https:\\\/\\\/milano.aisumahotel.com\\\/fr\\\/#website\",\"url\":\"https:\\\/\\\/milano.aisumahotel.com\\\/fr\\\/\",\"name\":\"Ai Suma Hotel - Milano\",\"description\":\"\",\"potentialAction\":[{\"@type\":\"SearchAction\",\"target\":{\"@type\":\"EntryPoint\",\"urlTemplate\":\"https:\\\/\\\/milano.aisumahotel.com\\\/fr\\\/?s={search_term_string}\"},\"query-input\":{\"@type\":\"PropertyValueSpecification\",\"valueRequired\":true,\"valueName\":\"search_term_string\"}}],\"inLanguage\":\"fr-FR\"}]}<\/script>\n<!-- \/ Yoast SEO plugin. -->","yoast_head_json":{"title":"Contacts - Ai Suma Hotel - Milano","robots":{"index":"index","follow":"follow","max-snippet":"max-snippet:-1","max-image-preview":"max-image-preview:large","max-video-preview":"max-video-preview:-1"},"canonical":"https:\/\/milano.aisumahotel.com\/fr\/contacts\/","og_locale":"fr_FR","og_type":"article","og_title":"Contacts - Ai Suma Hotel - Milano","og_url":"https:\/\/milano.aisumahotel.com\/fr\/contacts\/","og_site_name":"Ai Suma Hotel - Milano","article_modified_time":"2023-09-05T14:28:29+00:00","twitter_card":"summary_large_image","twitter_misc":{"Dur\u00e9e de lecture estim\u00e9e":"4 minutes"},"schema":{"@context":"https:\/\/schema.org","@graph":[{"@type":"WebPage","@id":"https:\/\/milano.aisumahotel.com\/fr\/contacts\/","url":"https:\/\/milano.aisumahotel.com\/fr\/contacts\/","name":"Contacts - Ai Suma Hotel - Milano","isPartOf":{"@id":"https:\/\/milano.aisumahotel.com\/fr\/#website"},"datePublished":"2015-07-16T07:12:51+00:00","dateModified":"2023-09-05T14:28:29+00:00","breadcrumb":{"@id":"https:\/\/milano.aisumahotel.com\/fr\/contacts\/#breadcrumb"},"inLanguage":"fr-FR","potentialAction":[{"@type":"ReadAction","target":["https:\/\/milano.aisumahotel.com\/fr\/contacts\/"]}]},{"@type":"BreadcrumbList","@id":"https:\/\/milano.aisumahotel.com\/fr\/contacts\/#breadcrumb","itemListElement":[{"@type":"ListItem","position":1,"name":"Home","item":"https:\/\/milano.aisumahotel.com\/fr\/"},{"@type":"ListItem","position":2,"name":"Contacts"}]},{"@type":"WebSite","@id":"https:\/\/milano.aisumahotel.com\/fr\/#website","url":"https:\/\/milano.aisumahotel.com\/fr\/","name":"Ai Suma Hotel - Milano","description":"","potentialAction":[{"@type":"SearchAction","target":{"@type":"EntryPoint","urlTemplate":"https:\/\/milano.aisumahotel.com\/fr\/?s={search_term_string}"},"query-input":{"@type":"PropertyValueSpecification","valueRequired":true,"valueName":"search_term_string"}}],"inLanguage":"fr-FR"}]}},"_links":{"self":[{"href":"https:\/\/milano.aisumahotel.com\/fr\/wp-json\/wp\/v2\/pages\/1602","targetHints":{"allow":["GET"]}}],"collection":[{"href":"https:\/\/milano.aisumahotel.com\/fr\/wp-json\/wp\/v2\/pages"}],"about":[{"href":"https:\/\/milano.aisumahotel.com\/fr\/wp-json\/wp\/v2\/types\/page"}],"author":[{"embeddable":true,"href":"https:\/\/milano.aisumahotel.com\/fr\/wp-json\/wp\/v2\/users\/1"}],"replies":[{"embeddable":true,"href":"https:\/\/milano.aisumahotel.com\/fr\/wp-json\/wp\/v2\/comments?post=1602"}],"version-history":[{"count":15,"href":"https:\/\/milano.aisumahotel.com\/fr\/wp-json\/wp\/v2\/pages\/1602\/revisions"}],"predecessor-version":[{"id":2558,"href":"https:\/\/milano.aisumahotel.com\/fr\/wp-json\/wp\/v2\/pages\/1602\/revisions\/2558"}],"wp:attachment":[{"href":"https:\/\/milano.aisumahotel.com\/fr\/wp-json\/wp\/v2\/media?parent=1602"}],"curies":[{"name":"wp","href":"https:\/\/api.w.org\/{rel}","templated":true}]}}